{"id":987511425,"date":"2025-06-26T09:08:56","date_gmt":"2025-06-26T07:08:56","guid":{"rendered":"https:\/\/formation-geste-soins-urgence-idel.fr\/?page_id=987511425"},"modified":"2025-06-26T09:08:57","modified_gmt":"2025-06-26T07:08:57","slug":"mentions-legales-et-politique-de-confidentialite","status":"publish","type":"page","link":"https:\/\/formation-geste-soins-urgence-idel.fr\/index.php\/mentions-legales-et-politique-de-confidentialite\/","title":{"rendered":"Mentions l\u00e9gales et politique de confidentialit\u00e9"},"content":{"rendered":"<p>[et_pb_section fb_built=&#8221;1&#8243; theme_builder_area=&#8221;post_content&#8221; _builder_version=&#8221;4.27.4&#8243; _module_preset=&#8221;default&#8221;][et_pb_row _builder_version=&#8221;4.27.4&#8243; _module_preset=&#8221;default&#8221; theme_builder_area=&#8221;post_content&#8221;][et_pb_column _builder_version=&#8221;4.27.4&#8243; _module_preset=&#8221;default&#8221; type=&#8221;4_4&#8243; theme_builder_area=&#8221;post_content&#8221;][et_pb_text _builder_version=&#8221;4.27.4&#8243; _module_preset=&#8221;default&#8221; theme_builder_area=&#8221;post_content&#8221; hover_enabled=&#8221;0&#8243; sticky_enabled=&#8221;0&#8243;]<\/p>\n<p><b>\u00c9diteur du site<\/b><\/p>\n<p><span style=\"font-weight: 400;\">MEDEO Formation \u2013 SAS au capital de 750\u20ac<\/span><\/p>\n<p><span style=\"font-weight: 400;\">SIREN : 822 360 863 RCS Perpignan<\/span><\/p>\n<p><span style=\"font-weight: 400;\">Code APE : 8559A<\/span><\/p>\n<p><span style=\"font-weight: 400;\">Num\u00e9ro d\u2019activit\u00e9 formation : 76 66 02003 66 \u2013 DREETS Occitanie<\/span><\/p>\n<p><span style=\"font-weight: 400;\">TVA non applicable, art. 261-4-4\u00b0 du CGI<\/span><\/p>\n<p><span style=\"font-weight: 400;\">ANDPC : n\u00b07553<\/span><\/p>\n<p><span style=\"font-weight: 400;\">Adresse : 3 Boulevard de Clairfont, Site Naturopole, B\u00e2t. G, 66350 Toulouges<\/span><\/p>\n<p><span style=\"font-weight: 400;\">T\u00e9l\u00e9phone : 04 68 36 97 53<\/span><\/p>\n<p><span style=\"font-weight: 400;\">Email : contact@medeo-formation.fr<\/span><\/p>\n<p><span style=\"font-weight: 400;\">Site principal : <\/span><a href=\"http:\/\/www.medeo-formation.fr\"><span style=\"font-weight: 400;\">www.medeo-formation.fr<\/span><\/a><\/p>\n<p><span style=\"font-weight: 400;\">Sites et pages annexes\u00a0:<\/span><\/p>\n<p><a href=\"https:\/\/formation-plaies-cicatrisation-idel.fr\"><span style=\"font-weight: 400;\">https:\/\/formation-plaies-cicatrisation-idel.fr<\/span><\/a><\/p>\n<p><a href=\"https:\/\/formation-geste-soins-urgence-idel.fr\"><span style=\"font-weight: 400;\">https:\/\/formation-geste-soins-urgence-idel.fr<\/span><\/a><\/p>\n<p><a href=\"https:\/\/formation-ngap-idel.fr\"><span style=\"font-weight: 400;\">https:\/\/formation-ngap-idel.fr<\/span><\/a><\/p>\n<p><a href=\"https:\/\/formation-dpc-idel.com\"><span style=\"font-weight: 400;\">https:\/\/formation-dpc-idel.com<\/span><\/a><\/p>\n<p><a href=\"https:\/\/formation-essms.fr\"><span style=\"font-weight: 400;\">https:\/\/formation-essms.fr<\/span><\/a><\/p>\n<p><a href=\"https:\/\/vae-perpignan.fr\"><span style=\"font-weight: 400;\">https:\/\/vae-perpignan.fr<\/span><\/a><\/p>\n<p><a href=\"https:\/\/formation-assistante-maternelle.fr\"><span style=\"font-weight: 400;\">https:\/\/formation-assistante-maternelle.fr<\/span><\/a><\/p>\n<p><a href=\"https:\/\/formation-a-distance-dpc-idel.fr\"><span style=\"font-weight: 400;\">https:\/\/formation-a-distance-dpc-idel.fr<\/span><\/a><\/p>\n<p><a href=\"https:\/\/cfa-sanitaire-et-social.com\"><span style=\"font-weight: 400;\">https:\/\/cfa-sanitaire-et-social.com<\/span><\/a><\/p>\n<p>&nbsp;<\/p>\n<p><b>Responsable de la publication<\/b><\/p>\n<p><span style=\"font-weight: 400;\">Direction de MEDEO Formation<\/span><\/p>\n<p>&nbsp;<\/p>\n<p><b>Cr\u00e9ation du site<\/b><\/p>\n<p><span style=\"font-weight: 400;\">Florent GARCEAU<\/span><\/p>\n<p><a href=\"https:\/\/garceauflorent.fr\/\"><span style=\"font-weight: 400;\">Site : www.garceauflorent.fr<\/span><\/a><\/p>\n<p>&nbsp;<\/p>\n<p><b>H\u00e9bergeur<\/b><\/p>\n<p><span style=\"font-weight: 400;\">OVH SAS<\/span><\/p>\n<p><span style=\"font-weight: 400;\">2 rue Kellermann \u2013 BP 80157 \u2013 59053 Roubaix Cedex 1<\/span><\/p>\n<p><span style=\"font-weight: 400;\">SIRET : 424 761 419 00045 \u2013 <\/span><a href=\"http:\/\/www.ovh.com\"><span style=\"font-weight: 400;\">www.ovh.com<\/span><\/a><\/p>\n<p>&nbsp;<\/p>\n<p><b>Conditions d\u2019utilisation<\/b><\/p>\n<p><span style=\"font-weight: 400;\">Le site est soumis \u00e0 la l\u00e9gislation fran\u00e7aise. MEDEO Formation ne peut \u00eatre tenue responsable d\u2019une mauvaise utilisation du site ou d\u2019\u00e9ventuelles erreurs contenues dans les contenus diffus\u00e9s.<\/span><\/p>\n<p>&nbsp;<\/p>\n<p><b>Donn\u00e9es personnelles et RGPD<\/b><\/p>\n<p><span style=\"font-weight: 400;\">Conform\u00e9ment au R\u00e8glement G\u00e9n\u00e9ral sur la Protection des Donn\u00e9es (UE 2016\/679), vous disposez d\u2019un droit d\u2019acc\u00e8s, de rectification, d\u2019effacement, de limitation du traitement, de portabilit\u00e9 et d\u2019opposition pour motif l\u00e9gitime. Ces droits peuvent \u00eatre exerc\u00e9s par email \u00e0 contact@medeo-formation.fr ou par courrier postal \u00e0 MEDEO Formation \u2013 MEDEO Formation, 3 Boulevard de Clairfont, B\u00e2t. G, 66350 Toulouges.<\/span><\/p>\n<p><span style=\"font-weight: 400;\">Les donn\u00e9es ne sont conserv\u00e9es que le temps n\u00e9cessaire \u00e0 leur finalit\u00e9, puis supprim\u00e9es une fois par an.<\/span><\/p>\n<p><span style=\"font-weight: 400;\">Aucune donn\u00e9e sensible n\u2019est collect\u00e9e depuis le site web. Aucun transfert hors UE n\u2019est effectu\u00e9 sans base l\u00e9gale.<\/span><\/p>\n<p>&nbsp;<\/p>\n<p><b>Politique de confidentialit\u00e9<\/b><\/p>\n<p><span style=\"font-weight: 400;\">Les donn\u00e9es collect\u00e9es via les formulaires du site sont limit\u00e9es au strict n\u00e9cessaire. Elles sont utilis\u00e9es pour r\u00e9pondre aux demandes de contact, ou g\u00e9rer des inscriptions ou r\u00e9clamations.<\/span><\/p>\n<p><span style=\"font-weight: 400;\">MEDEO Formation ne revend ni ne transmet \u00e0 des tiers les donn\u00e9es personnelles collect\u00e9es, sauf obligation l\u00e9gale ou partenaires habilit\u00e9s dans le cadre de ses missions.<\/span><\/p>\n<p><span style=\"font-weight: 400;\">Les utilisateurs peuvent demander copie ou suppression de leurs donn\u00e9es par email.<\/span><\/p>\n<p>&nbsp;<\/p>\n<p><b>Cookies et traceurs \u2013 conformit\u00e9 CNIL 2025<\/b><\/p>\n<p><span style=\"font-weight: 400;\">Le site peut utiliser des cookies pour des besoins fonctionnels ou de mesure d\u2019audience (ex : Google Analytics). Lors de votre premi\u00e8re visite, un bandeau de consentement s\u2019affiche pour recueillir votre accord ou refus, conform\u00e9ment aux recommandations de la CNIL.<\/span><\/p>\n<p><span style=\"font-weight: 400;\">Vous pouvez modifier vos choix \u00e0 tout moment via le bouton \u00ab Gestion des cookies \u00bb disponible en pied de page.<\/span><\/p>\n<p>&nbsp;<\/p>\n<p><b>Propri\u00e9t\u00e9 intellectuelle<\/b><\/p>\n<p><span style=\"font-weight: 400;\">Le contenu du site est prot\u00e9g\u00e9. Toute reproduction, m\u00eame partielle, sans autorisation \u00e9crite de MEDEO Formation est interdite. Les logos et visuels sont soit propri\u00e9t\u00e9 intellectuelle de MEDEO Formation, soit utilis\u00e9s avec autorisation.<\/span><\/p>\n<p>&nbsp;<\/p>\n<p><b>Liens hypertextes<\/b><\/p>\n<p><span style=\"font-weight: 400;\">Le site peut contenir des liens vers d\u2019autres sites. MEDEO Formation ne saurait \u00eatre tenue responsable de leur contenu.<\/span><\/p>\n<p>&nbsp;<\/p>\n<p><b>Loi applicable et juridiction comp\u00e9tente<\/b><\/p>\n<p><span style=\"font-weight: 400;\">Les pr\u00e9sentes mentions sont r\u00e9gies par la loi fran\u00e7aise. Tout litige sera port\u00e9 devant les tribunaux comp\u00e9tents du ressort de Perpignan.<\/span><\/p>\n<p>&nbsp;<\/p>\n<p>[\/et_pb_text][\/et_pb_column][\/et_pb_row][\/et_pb_section]<\/p>\n","protected":false},"excerpt":{"rendered":"<p>\u00c9diteur du site MEDEO Formation \u2013 SAS au capital de 750\u20ac SIREN : 822 360 863 RCS Perpignan Code APE : 8559A Num\u00e9ro d\u2019activit\u00e9 formation : 76 66 02003 66 \u2013 DREETS Occitanie TVA non applicable, art. 261-4-4\u00b0 du CGI ANDPC : n\u00b07553 Adresse : 3 Boulevard de Clairfont, Site Naturopole, B\u00e2t. G, 66350 Toulouges [&hellip;]<\/p>\n","protected":false},"author":1,"featured_media":0,"parent":0,"menu_order":0,"comment_status":"closed","ping_status":"closed","template":"","meta":{"_et_pb_use_builder":"on","_et_pb_old_content":"","_et_gb_content_width":"","footnotes":""},"class_list":["post-987511425","page","type-page","status-publish","hentry"],"yoast_head":"<!-- This site is optimized with the Yoast SEO plugin v27.3 - https:\/\/yoast.com\/product\/yoast-seo-wordpress\/ -->\n<title>Mentions l\u00e9gales et politique de confidentialit\u00e9 - formation IDEL<\/title>\n<meta name=\"robots\" content=\"index, follow, max-snippet:-1, max-image-preview:large, max-video-preview:-1\" \/>\n<link rel=\"canonical\" href=\"https:\/\/formation-geste-soins-urgence-idel.fr\/index.php\/mentions-legales-et-politique-de-confidentialite\/\" \/>\n<meta property=\"og:locale\" content=\"en_US\" \/>\n<meta property=\"og:type\" content=\"article\" \/>\n<meta property=\"og:title\" content=\"Mentions l\u00e9gales et politique de confidentialit\u00e9 - formation IDEL\" \/>\n<meta property=\"og:description\" content=\"\u00c9diteur du site MEDEO Formation \u2013 SAS au capital de 750\u20ac SIREN : 822 360 863 RCS Perpignan Code APE : 8559A Num\u00e9ro d\u2019activit\u00e9 formation : 76 66 02003 66 \u2013 DREETS Occitanie TVA non applicable, art. 261-4-4\u00b0 du CGI ANDPC : n\u00b07553 Adresse : 3 Boulevard de Clairfont, Site Naturopole, B\u00e2t. G, 66350 Toulouges [&hellip;]\" \/>\n<meta property=\"og:url\" content=\"https:\/\/formation-geste-soins-urgence-idel.fr\/index.php\/mentions-legales-et-politique-de-confidentialite\/\" \/>\n<meta property=\"og:site_name\" content=\"formation IDEL\" \/>\n<meta property=\"article:publisher\" content=\"https:\/\/www.facebook.com\/medeoformationdpc\/\" \/>\n<meta property=\"article:modified_time\" content=\"2025-06-26T07:08:57+00:00\" \/>\n<meta name=\"twitter:card\" content=\"summary_large_image\" \/>\n<script type=\"application\/ld+json\" class=\"yoast-schema-graph\">{\"@context\":\"https:\\\/\\\/schema.org\",\"@graph\":[{\"@type\":\"WebPage\",\"@id\":\"https:\\\/\\\/formation-geste-soins-urgence-idel.fr\\\/index.php\\\/mentions-legales-et-politique-de-confidentialite\\\/\",\"url\":\"https:\\\/\\\/formation-geste-soins-urgence-idel.fr\\\/index.php\\\/mentions-legales-et-politique-de-confidentialite\\\/\",\"name\":\"Mentions l\u00e9gales et politique de confidentialit\u00e9 - formation IDEL\",\"isPartOf\":{\"@id\":\"https:\\\/\\\/formation-geste-soins-urgence-idel.fr\\\/#website\"},\"datePublished\":\"2025-06-26T07:08:56+00:00\",\"dateModified\":\"2025-06-26T07:08:57+00:00\",\"breadcrumb\":{\"@id\":\"https:\\\/\\\/formation-geste-soins-urgence-idel.fr\\\/index.php\\\/mentions-legales-et-politique-de-confidentialite\\\/#breadcrumb\"},\"inLanguage\":\"en-US\",\"potentialAction\":[{\"@type\":\"ReadAction\",\"target\":[\"https:\\\/\\\/formation-geste-soins-urgence-idel.fr\\\/index.php\\\/mentions-legales-et-politique-de-confidentialite\\\/\"]}]},{\"@type\":\"BreadcrumbList\",\"@id\":\"https:\\\/\\\/formation-geste-soins-urgence-idel.fr\\\/index.php\\\/mentions-legales-et-politique-de-confidentialite\\\/#breadcrumb\",\"itemListElement\":[{\"@type\":\"ListItem\",\"position\":1,\"name\":\"Accueil\",\"item\":\"https:\\\/\\\/formation-geste-soins-urgence-idel.fr\\\/\"},{\"@type\":\"ListItem\",\"position\":2,\"name\":\"Mentions l\u00e9gales et politique de confidentialit\u00e9\"}]},{\"@type\":\"WebSite\",\"@id\":\"https:\\\/\\\/formation-geste-soins-urgence-idel.fr\\\/#website\",\"url\":\"https:\\\/\\\/formation-geste-soins-urgence-idel.fr\\\/\",\"name\":\"formation IDEL situations sanitaires exceptionnelles SSE\",\"description\":\"Formation DPC idel - Pour Infirmier(e) lib\u00e9ral(e)\",\"publisher\":{\"@id\":\"https:\\\/\\\/formation-geste-soins-urgence-idel.fr\\\/#organization\"},\"potentialAction\":[{\"@type\":\"SearchAction\",\"target\":{\"@type\":\"EntryPoint\",\"urlTemplate\":\"https:\\\/\\\/formation-geste-soins-urgence-idel.fr\\\/?s={search_term_string}\"},\"query-input\":{\"@type\":\"PropertyValueSpecification\",\"valueRequired\":true,\"valueName\":\"search_term_string\"}}],\"inLanguage\":\"en-US\"},{\"@type\":\"Organization\",\"@id\":\"https:\\\/\\\/formation-geste-soins-urgence-idel.fr\\\/#organization\",\"name\":\"formation IDEL situations sanitaires exceptionnelles SSE\",\"url\":\"https:\\\/\\\/formation-geste-soins-urgence-idel.fr\\\/\",\"logo\":{\"@type\":\"ImageObject\",\"inLanguage\":\"en-US\",\"@id\":\"https:\\\/\\\/formation-geste-soins-urgence-idel.fr\\\/#\\\/schema\\\/logo\\\/image\\\/\",\"url\":\"https:\\\/\\\/formation-geste-soins-urgence-idel.fr\\\/wp-content\\\/uploads\\\/2024\\\/03\\\/Formation-DPC-idel-Pour-Infirmiere-liberale.png\",\"contentUrl\":\"https:\\\/\\\/formation-geste-soins-urgence-idel.fr\\\/wp-content\\\/uploads\\\/2024\\\/03\\\/Formation-DPC-idel-Pour-Infirmiere-liberale.png\",\"width\":500,\"height\":250,\"caption\":\"formation IDEL situations sanitaires exceptionnelles SSE\"},\"image\":{\"@id\":\"https:\\\/\\\/formation-geste-soins-urgence-idel.fr\\\/#\\\/schema\\\/logo\\\/image\\\/\"},\"sameAs\":[\"https:\\\/\\\/www.facebook.com\\\/medeoformationdpc\\\/\"]}]}<\/script>\n<!-- \/ Yoast SEO plugin. -->","yoast_head_json":{"title":"Mentions l\u00e9gales et politique de confidentialit\u00e9 - formation IDEL","robots":{"index":"index","follow":"follow","max-snippet":"max-snippet:-1","max-image-preview":"max-image-preview:large","max-video-preview":"max-video-preview:-1"},"canonical":"https:\/\/formation-geste-soins-urgence-idel.fr\/index.php\/mentions-legales-et-politique-de-confidentialite\/","og_locale":"en_US","og_type":"article","og_title":"Mentions l\u00e9gales et politique de confidentialit\u00e9 - formation IDEL","og_description":"\u00c9diteur du site MEDEO Formation \u2013 SAS au capital de 750\u20ac SIREN : 822 360 863 RCS Perpignan Code APE : 8559A Num\u00e9ro d\u2019activit\u00e9 formation : 76 66 02003 66 \u2013 DREETS Occitanie TVA non applicable, art. 261-4-4\u00b0 du CGI ANDPC : n\u00b07553 Adresse : 3 Boulevard de Clairfont, Site Naturopole, B\u00e2t. G, 66350 Toulouges [&hellip;]","og_url":"https:\/\/formation-geste-soins-urgence-idel.fr\/index.php\/mentions-legales-et-politique-de-confidentialite\/","og_site_name":"formation IDEL","article_publisher":"https:\/\/www.facebook.com\/medeoformationdpc\/","article_modified_time":"2025-06-26T07:08:57+00:00","twitter_card":"summary_large_image","schema":{"@context":"https:\/\/schema.org","@graph":[{"@type":"WebPage","@id":"https:\/\/formation-geste-soins-urgence-idel.fr\/index.php\/mentions-legales-et-politique-de-confidentialite\/","url":"https:\/\/formation-geste-soins-urgence-idel.fr\/index.php\/mentions-legales-et-politique-de-confidentialite\/","name":"Mentions l\u00e9gales et politique de confidentialit\u00e9 - formation IDEL","isPartOf":{"@id":"https:\/\/formation-geste-soins-urgence-idel.fr\/#website"},"datePublished":"2025-06-26T07:08:56+00:00","dateModified":"2025-06-26T07:08:57+00:00","breadcrumb":{"@id":"https:\/\/formation-geste-soins-urgence-idel.fr\/index.php\/mentions-legales-et-politique-de-confidentialite\/#breadcrumb"},"inLanguage":"en-US","potentialAction":[{"@type":"ReadAction","target":["https:\/\/formation-geste-soins-urgence-idel.fr\/index.php\/mentions-legales-et-politique-de-confidentialite\/"]}]},{"@type":"BreadcrumbList","@id":"https:\/\/formation-geste-soins-urgence-idel.fr\/index.php\/mentions-legales-et-politique-de-confidentialite\/#breadcrumb","itemListElement":[{"@type":"ListItem","position":1,"name":"Accueil","item":"https:\/\/formation-geste-soins-urgence-idel.fr\/"},{"@type":"ListItem","position":2,"name":"Mentions l\u00e9gales et politique de confidentialit\u00e9"}]},{"@type":"WebSite","@id":"https:\/\/formation-geste-soins-urgence-idel.fr\/#website","url":"https:\/\/formation-geste-soins-urgence-idel.fr\/","name":"formation IDEL situations sanitaires exceptionnelles SSE","description":"Formation DPC idel - Pour Infirmier(e) lib\u00e9ral(e)","publisher":{"@id":"https:\/\/formation-geste-soins-urgence-idel.fr\/#organization"},"potentialAction":[{"@type":"SearchAction","target":{"@type":"EntryPoint","urlTemplate":"https:\/\/formation-geste-soins-urgence-idel.fr\/?s={search_term_string}"},"query-input":{"@type":"PropertyValueSpecification","valueRequired":true,"valueName":"search_term_string"}}],"inLanguage":"en-US"},{"@type":"Organization","@id":"https:\/\/formation-geste-soins-urgence-idel.fr\/#organization","name":"formation IDEL situations sanitaires exceptionnelles SSE","url":"https:\/\/formation-geste-soins-urgence-idel.fr\/","logo":{"@type":"ImageObject","inLanguage":"en-US","@id":"https:\/\/formation-geste-soins-urgence-idel.fr\/#\/schema\/logo\/image\/","url":"https:\/\/formation-geste-soins-urgence-idel.fr\/wp-content\/uploads\/2024\/03\/Formation-DPC-idel-Pour-Infirmiere-liberale.png","contentUrl":"https:\/\/formation-geste-soins-urgence-idel.fr\/wp-content\/uploads\/2024\/03\/Formation-DPC-idel-Pour-Infirmiere-liberale.png","width":500,"height":250,"caption":"formation IDEL situations sanitaires exceptionnelles SSE"},"image":{"@id":"https:\/\/formation-geste-soins-urgence-idel.fr\/#\/schema\/logo\/image\/"},"sameAs":["https:\/\/www.facebook.com\/medeoformationdpc\/"]}]}},"_links":{"self":[{"href":"https:\/\/formation-geste-soins-urgence-idel.fr\/index.php\/wp-json\/wp\/v2\/pages\/987511425","targetHints":{"allow":["GET"]}}],"collection":[{"href":"https:\/\/formation-geste-soins-urgence-idel.fr\/index.php\/wp-json\/wp\/v2\/pages"}],"about":[{"href":"https:\/\/formation-geste-soins-urgence-idel.fr\/index.php\/wp-json\/wp\/v2\/types\/page"}],"author":[{"embeddable":true,"href":"https:\/\/formation-geste-soins-urgence-idel.fr\/index.php\/wp-json\/wp\/v2\/users\/1"}],"replies":[{"embeddable":true,"href":"https:\/\/formation-geste-soins-urgence-idel.fr\/index.php\/wp-json\/wp\/v2\/comments?post=987511425"}],"version-history":[{"count":2,"href":"https:\/\/formation-geste-soins-urgence-idel.fr\/index.php\/wp-json\/wp\/v2\/pages\/987511425\/revisions"}],"predecessor-version":[{"id":987511428,"href":"https:\/\/formation-geste-soins-urgence-idel.fr\/index.php\/wp-json\/wp\/v2\/pages\/987511425\/revisions\/987511428"}],"wp:attachment":[{"href":"https:\/\/formation-geste-soins-urgence-idel.fr\/index.php\/wp-json\/wp\/v2\/media?parent=987511425"}],"curies":[{"name":"wp","href":"https:\/\/api.w.org\/{rel}","templated":true}]}}